{"id":2,"date":"2018-06-02T10:55:24","date_gmt":"2018-06-02T08:55:24","guid":{"rendered":"http:\/\/labecaneagaston.fr\/?page_id=2"},"modified":"2018-06-10T20:43:38","modified_gmt":"2018-06-10T18:43:38","slug":"histoire","status":"publish","type":"page","link":"https:\/\/www.labecaneagaston.fr\/index.php\/histoire\/","title":{"rendered":"Un peu d&#8217;histoire&#8230;"},"content":{"rendered":"<div>1909, Jules REYNAUD quitte son village du Var dans le Sud de la France pour rejoindre la Brigade du Prestigieux Hotel de Crillon qui vient d\u2019ouvrir ses porte place de la Concorde \u00e0 Paris&#8230;<\/div>\n<div><\/div>\n<div>Depuis, pr\u00e8s de cinq g\u00e9n\u00e9rations se sont succ\u00e9d\u00e9es et la petite famille s\u2019est agrandie et enrichie des influences de grands parents Bretons, Antillais, Libanais ainsi que de nounous et Mamies d\u2019adoption Vietnamienne, R\u00e9unionnaise, pieds noires et bien \u00e9videmment Italienne !<\/div>\n<div><\/div>\n<div>\n<p><img decoding=\"async\" loading=\"lazy\" class=\"size-medium wp-image-136 aligncenter\" src=\"https:\/\/labecaneagaston.fr\/wp-content\/uploads\/2018\/06\/histoire-meme-202x300.jpg\" alt=\"l'histoire de mamie de la b\u00e9cane \u00e0 gaston\" width=\"202\" height=\"300\" srcset=\"https:\/\/www.labecaneagaston.fr\/wp-content\/uploads\/2018\/06\/histoire-meme-202x300.jpg 202w, https:\/\/www.labecaneagaston.fr\/wp-content\/uploads\/2018\/06\/histoire-meme.jpg 309w\" sizes=\"(max-width: 202px) 100vw, 202px\" \/><\/p>\n<\/div>\n<div><\/div>\n<div>Ces souvenirs partag\u00e9s de recettes \u00ab\u00a0secr\u00e8tes\u00a0\u00bb, de repas de famille extraordinaires sont peu \u00e0 peu devenus notre sujet de conversation favoris.<\/div>\n<div><\/div>\n<div>Travailler directement avec des producteurs de tr\u00e8s grande qualit\u00e9&#8230; Faire ses courses aux halles \u00e0 2 heures du matin, se laisser porter par les saisons est presque devenu une culture Familiale !<\/div>\n<div><\/div>\n<div>Une cuisine simple, passionn\u00e9e qui se transmet et nous a donn\u00e9 \u00e0 chaque g\u00e9n\u00e9ration une cuisini\u00e8re ou un cuisinier\u2026<\/div>\n<div><\/div>\n<div>Aujourd\u2019hui, ce sont deux g\u00e9n\u00e9rations d\u2019un coup qui s\u2019activent tous les jours en cuisine !<\/div>\n<div><\/div>\n<div>Histoire de ne pas laisser s\u2019\u00e9teindre la flamme\u2026 du FOURNEAU !<\/div>\n","protected":false},"excerpt":{"rendered":"<p>1909, Jules REYNAUD quitte son village du Var dans le Sud de la France pour rejoindre la Brigade du Prestigieux Hotel de Crillon qui vient &hellip;<\/p>\n","protected":false},"author":1,"featured_media":135,"parent":0,"menu_order":0,"comment_status":"closed","ping_status":"open","template":"","meta":{"spay_email":""},"jetpack_sharing_enabled":true,"jetpack_shortlink":"https:\/\/wp.me\/P9Y0Gb-2","_links":{"self":[{"href":"https:\/\/www.labecaneagaston.fr\/index.php\/wp-json\/wp\/v2\/pages\/2"}],"collection":[{"href":"https:\/\/www.labecaneagaston.fr\/index.php\/wp-json\/wp\/v2\/pages"}],"about":[{"href":"https:\/\/www.labecaneagaston.fr\/index.php\/wp-json\/wp\/v2\/types\/page"}],"author":[{"embeddable":true,"href":"https:\/\/www.labecaneagaston.fr\/index.php\/wp-json\/wp\/v2\/users\/1"}],"replies":[{"embeddable":true,"href":"https:\/\/www.labecaneagaston.fr\/index.php\/wp-json\/wp\/v2\/comments?post=2"}],"version-history":[{"count":7,"href":"https:\/\/www.labecaneagaston.fr\/index.php\/wp-json\/wp\/v2\/pages\/2\/revisions"}],"predecessor-version":[{"id":734,"href":"https:\/\/www.labecaneagaston.fr\/index.php\/wp-json\/wp\/v2\/pages\/2\/revisions\/734"}],"wp:featuredmedia":[{"embeddable":true,"href":"https:\/\/www.labecaneagaston.fr\/index.php\/wp-json\/wp\/v2\/media\/135"}],"wp:attachment":[{"href":"https:\/\/www.labecaneagaston.fr\/index.php\/wp-json\/wp\/v2\/media?parent=2"}],"curies":[{"name":"wp","href":"https:\/\/api.w.org\/{rel}","templated":true}]}}