{"id":744,"date":"2023-02-25T17:33:19","date_gmt":"2023-02-25T16:33:19","guid":{"rendered":"https:\/\/www.labecaneagaston.fr\/?page_id=744"},"modified":"2025-09-28T21:31:52","modified_gmt":"2025-09-28T19:31:52","slug":"la-becane-a-gaston","status":"publish","type":"page","link":"https:\/\/www.labecaneagaston.fr\/","title":{"rendered":"BIENVENUE \u00c0 LA B\u00c9CANE"},"content":{"rendered":"\n<div class=\"is-layout-constrained wp-block-group\"><div class=\"wp-block-group__inner-container\">\n<h2 class=\"alignfull has-text-align-center has-sitebg-background-color has-background\">UNE CUISINE DE FAMILLE SIMPLEMENT TRADITIONNELLE ET PROFOND\u00c9MENT SINC\u00c8RE.<\/h2>\n\n\n\n<p class=\"has-text-align-center has-accent-2-color has-sitebg-background-color has-text-color has-background has-normal-font-size\">Pour que d\u00e8s la premi\u00e8re seconde vous vous sentiez chez vous\u2026 comme \u00e0 la Maison. Et pour le reste\u2026 on s\u2019en occupe !!<\/p>\n<\/div><\/div>\n\n\n<div class=\"wp-block-image\">\n<figure class=\"aligncenter size-full\"><img decoding=\"async\" loading=\"lazy\" width=\"1000\" height=\"667\" src=\"https:\/\/www.labecaneagaston.fr\/wp-content\/uploads\/2018\/06\/famille-producteurs3.jpg\" alt=\"becane-a-gaston-restaurant-paris-10\" class=\"wp-image-119\" srcset=\"https:\/\/www.labecaneagaston.fr\/wp-content\/uploads\/2018\/06\/famille-producteurs3.jpg 1000w, https:\/\/www.labecaneagaston.fr\/wp-content\/uploads\/2018\/06\/famille-producteurs3-300x200.jpg 300w, https:\/\/www.labecaneagaston.fr\/wp-content\/uploads\/2018\/06\/famille-producteurs3-768x512.jpg 768w\" sizes=\"(max-width: 1000px) 100vw, 1000px\" \/><\/figure><\/div>\n\n\n<div class=\"is-layout-constrained wp-block-group\"><div class=\"wp-block-group__inner-container\">\n<p class=\"has-text-align-center has-accent-2-color has-sitebg-background-color has-text-color has-background\" style=\"text-transform:none\">La B\u00c9CANE c\u2019est un peu comme \u00e0 la Maison\u2026<br>Nous achetons toutes nos viandes, volailles, charcuteries, oeufs, cr\u00eame, fromages, huile d\u2019olive directement chez les producteurs.<br>Bien souvent, nous selectionnons nos viandes directement chez les \u00e9leveurs et nous nous chargeons nous m\u00eame de la maturation.<br>Nos vins sont \u00e9galement achet\u00e9s directement chez les vignerons que nous connaissons bien et depuis longtemps !<br>Chaque semaine, nous faisons nous m\u00eame notre march\u00e9 aux Halles pour les l\u00e9gumes et les herbes fra\u00eeches.<br>Notre Poisson et nos Coquillages arrivent directement des bateaux de p\u00eache avec lesquels nous travaillons chaque semaine.<br>Nous pr\u00e9parons nous m\u00eame toutes nos sauces, jus, condiments etc\u2026 ainsi que notre l\u00e9gendaire Focaccia et toute notre patisserie.<br>Bref \u2026 A la B\u00e9cane : Tout est fait Maison \u2026 Et tout est fait \u2026 POUR VOUS !!<\/p>\n\n\n\n<hr class=\"wp-block-separator has-text-color has-accent-2-color has-alpha-channel-opacity has-accent-2-background-color has-background\"\/>\n\n\n\n<h4 class=\"alignfull has-text-align-center has-sitetext-color has-sitebg-background-color has-text-color has-background\" style=\"text-transform:none\">DINER :  TOUS LES JOURS &#8211; 19h \u00e0 22h30<br>D\u00c9JEUNER :  TOUS LES JOURS &#8211; 12h \u00e0 14h30<\/h4>\n\n\n\n<p class=\"has-text-align-center has-accent-2-color has-sitebg-background-color has-text-color has-background\">24 RUE LUCIEN SAMPAIX<br>PARIS 10<br>TEL : 09 80 73 22 98<br>MAIL : LABECANEAGASTON@ICLOUD.COM<\/p>\n\n\n\n<hr class=\"wp-block-separator has-text-color has-accent-2-color has-alpha-channel-opacity has-accent-2-background-color has-background\"\/>\n<\/div><\/div>\n\n\n\n<figure class=\"wp-block-video\"><video autoplay loop muted src=\"https:\/\/www.labecaneagaston.fr\/wp-content\/uploads\/2023\/02\/cote-de-boeuf-becane.mov\" playsinline><\/video><\/figure>\n\n\n\n<figure class=\"is-layout-flex wp-block-gallery-3 wp-block-gallery aligncenter has-nested-images columns-default is-cropped\">\n<figure class=\"wp-block-image size-large\"><img decoding=\"async\" loading=\"lazy\" width=\"970\" height=\"1024\" data-id=\"376\"  src=\"https:\/\/www.labecaneagaston.fr\/wp-content\/uploads\/2019\/09\/IMG_E1984-970x1024.jpg\" alt=\"\" class=\"wp-image-376\" srcset=\"https:\/\/www.labecaneagaston.fr\/wp-content\/uploads\/2019\/09\/IMG_E1984-970x1024.jpg 970w, https:\/\/www.labecaneagaston.fr\/wp-content\/uploads\/2019\/09\/IMG_E1984-284x300.jpg 284w, https:\/\/www.labecaneagaston.fr\/wp-content\/uploads\/2019\/09\/IMG_E1984-768x810.jpg 768w, https:\/\/www.labecaneagaston.fr\/wp-content\/uploads\/2019\/09\/IMG_E1984.jpg 1977w\" sizes=\"(max-width: 970px) 100vw, 970px\" \/><\/figure>\n\n\n\n<figure class=\"wp-block-image size-large\"><img decoding=\"async\" loading=\"lazy\" width=\"683\" height=\"1024\" data-id=\"370\"  src=\"https:\/\/www.labecaneagaston.fr\/wp-content\/uploads\/2019\/09\/IMG_4374-e1567685743341-683x1024.jpg\" alt=\"\" class=\"wp-image-370\" srcset=\"https:\/\/www.labecaneagaston.fr\/wp-content\/uploads\/2019\/09\/IMG_4374-e1567685743341-683x1024.jpg 683w, https:\/\/www.labecaneagaston.fr\/wp-content\/uploads\/2019\/09\/IMG_4374-e1567685743341-200x300.jpg 200w, https:\/\/www.labecaneagaston.fr\/wp-content\/uploads\/2019\/09\/IMG_4374-e1567685743341-768x1152.jpg 768w\" sizes=\"(max-width: 683px) 100vw, 683px\" \/><\/figure>\n\n\n\n<figure class=\"wp-block-image size-large\"><img decoding=\"async\" loading=\"lazy\" width=\"1024\" height=\"606\" data-id=\"363\"  src=\"https:\/\/www.labecaneagaston.fr\/wp-content\/uploads\/2019\/09\/934DDA37-6FF7-488C-B363-1360635F8E78-1024x606.jpg\" alt=\"\" class=\"wp-image-363\" srcset=\"https:\/\/www.labecaneagaston.fr\/wp-content\/uploads\/2019\/09\/934DDA37-6FF7-488C-B363-1360635F8E78-1024x606.jpg 1024w, https:\/\/www.labecaneagaston.fr\/wp-content\/uploads\/2019\/09\/934DDA37-6FF7-488C-B363-1360635F8E78-300x178.jpg 300w, https:\/\/www.labecaneagaston.fr\/wp-content\/uploads\/2019\/09\/934DDA37-6FF7-488C-B363-1360635F8E78-768x455.jpg 768w, https:\/\/www.labecaneagaston.fr\/wp-content\/uploads\/2019\/09\/934DDA37-6FF7-488C-B363-1360635F8E78.jpg 1223w\" sizes=\"(max-width: 1024px) 100vw, 1024px\" \/><\/figure>\n\n\n\n<figure class=\"wp-block-image size-large\"><img decoding=\"async\" loading=\"lazy\" width=\"1024\" height=\"682\" data-id=\"240\"  src=\"https:\/\/www.labecaneagaston.fr\/wp-content\/uploads\/2019\/02\/vsco-photo-1-4-1-1024x682.jpg\" alt=\"\" class=\"wp-image-240\" srcset=\"https:\/\/www.labecaneagaston.fr\/wp-content\/uploads\/2019\/02\/vsco-photo-1-4-1-1024x682.jpg 1024w, https:\/\/www.labecaneagaston.fr\/wp-content\/uploads\/2019\/02\/vsco-photo-1-4-1-300x200.jpg 300w, https:\/\/www.labecaneagaston.fr\/wp-content\/uploads\/2019\/02\/vsco-photo-1-4-1-768x512.jpg 768w, https:\/\/www.labecaneagaston.fr\/wp-content\/uploads\/2019\/02\/vsco-photo-1-4-1.jpg 1280w\" sizes=\"(max-width: 1024px) 100vw, 1024px\" \/><\/figure>\n\n\n\n<figure class=\"wp-block-image size-large\"><img decoding=\"async\" loading=\"lazy\" width=\"1024\" height=\"682\" data-id=\"364\"  src=\"https:\/\/www.labecaneagaston.fr\/wp-content\/uploads\/2019\/09\/3045B9BB-9945-4196-8A8C-D681A04232BD-1024x682.jpg\" alt=\"\" class=\"wp-image-364\" srcset=\"https:\/\/www.labecaneagaston.fr\/wp-content\/uploads\/2019\/09\/3045B9BB-9945-4196-8A8C-D681A04232BD-1024x682.jpg 1024w, https:\/\/www.labecaneagaston.fr\/wp-content\/uploads\/2019\/09\/3045B9BB-9945-4196-8A8C-D681A04232BD-300x200.jpg 300w, https:\/\/www.labecaneagaston.fr\/wp-content\/uploads\/2019\/09\/3045B9BB-9945-4196-8A8C-D681A04232BD-768x512.jpg 768w, https:\/\/www.labecaneagaston.fr\/wp-content\/uploads\/2019\/09\/3045B9BB-9945-4196-8A8C-D681A04232BD.jpg 1280w\" sizes=\"(max-width: 1024px) 100vw, 1024px\" \/><\/figure>\n\n\n\n<figure class=\"wp-block-image size-large\"><img decoding=\"async\" loading=\"lazy\" width=\"872\" height=\"1024\" data-id=\"365\"  src=\"https:\/\/www.labecaneagaston.fr\/wp-content\/uploads\/2019\/09\/DE5CDDB9-BB80-4BFC-AE61-9AFC6D3505CC-872x1024.jpg\" alt=\"\" class=\"wp-image-365\" srcset=\"https:\/\/www.labecaneagaston.fr\/wp-content\/uploads\/2019\/09\/DE5CDDB9-BB80-4BFC-AE61-9AFC6D3505CC-872x1024.jpg 872w, https:\/\/www.labecaneagaston.fr\/wp-content\/uploads\/2019\/09\/DE5CDDB9-BB80-4BFC-AE61-9AFC6D3505CC-256x300.jpg 256w, https:\/\/www.labecaneagaston.fr\/wp-content\/uploads\/2019\/09\/DE5CDDB9-BB80-4BFC-AE61-9AFC6D3505CC-768x902.jpg 768w\" sizes=\"(max-width: 872px) 100vw, 872px\" \/><\/figure>\n\n\n\n<figure class=\"wp-block-image size-large\"><img decoding=\"async\" loading=\"lazy\" width=\"640\" height=\"427\" data-id=\"366\"  src=\"https:\/\/www.labecaneagaston.fr\/wp-content\/uploads\/2019\/09\/DF4443F8-B2AD-4E9F-9288-4FD95F59D8B1.jpg\" alt=\"\" class=\"wp-image-366\" srcset=\"https:\/\/www.labecaneagaston.fr\/wp-content\/uploads\/2019\/09\/DF4443F8-B2AD-4E9F-9288-4FD95F59D8B1.jpg 640w, https:\/\/www.labecaneagaston.fr\/wp-content\/uploads\/2019\/09\/DF4443F8-B2AD-4E9F-9288-4FD95F59D8B1-300x200.jpg 300w\" sizes=\"(max-width: 640px) 100vw, 640px\" \/><\/figure>\n\n\n\n<figure class=\"wp-block-image size-large\"><img decoding=\"async\" loading=\"lazy\" width=\"640\" height=\"427\" data-id=\"367\"  src=\"https:\/\/www.labecaneagaston.fr\/wp-content\/uploads\/2019\/09\/F85FFA88-6F7D-44E3-B85C-EE11DCC262AA.jpg\" alt=\"\" class=\"wp-image-367\" srcset=\"https:\/\/www.labecaneagaston.fr\/wp-content\/uploads\/2019\/09\/F85FFA88-6F7D-44E3-B85C-EE11DCC262AA.jpg 640w, https:\/\/www.labecaneagaston.fr\/wp-content\/uploads\/2019\/09\/F85FFA88-6F7D-44E3-B85C-EE11DCC262AA-300x200.jpg 300w\" sizes=\"(max-width: 640px) 100vw, 640px\" \/><\/figure>\n\n\n\n<figure class=\"wp-block-image size-large\"><img decoding=\"async\" loading=\"lazy\" width=\"1024\" height=\"683\" data-id=\"368\"  src=\"https:\/\/www.labecaneagaston.fr\/wp-content\/uploads\/2019\/09\/IMG_4090-1024x683.jpg\" alt=\"\" class=\"wp-image-368\" srcset=\"https:\/\/www.labecaneagaston.fr\/wp-content\/uploads\/2019\/09\/IMG_4090-1024x683.jpg 1024w, https:\/\/www.labecaneagaston.fr\/wp-content\/uploads\/2019\/09\/IMG_4090-300x200.jpg 300w, https:\/\/www.labecaneagaston.fr\/wp-content\/uploads\/2019\/09\/IMG_4090-768x512.jpg 768w\" sizes=\"(max-width: 1024px) 100vw, 1024px\" \/><\/figure>\n\n\n\n<figure class=\"wp-block-image size-large\"><img decoding=\"async\" loading=\"lazy\" width=\"683\" height=\"1024\" data-id=\"369\"  src=\"https:\/\/www.labecaneagaston.fr\/wp-content\/uploads\/2019\/09\/IMG_4326-e1567685773697-683x1024.jpg\" alt=\"\" class=\"wp-image-369\" srcset=\"https:\/\/www.labecaneagaston.fr\/wp-content\/uploads\/2019\/09\/IMG_4326-e1567685773697-683x1024.jpg 683w, https:\/\/www.labecaneagaston.fr\/wp-content\/uploads\/2019\/09\/IMG_4326-e1567685773697-200x300.jpg 200w, https:\/\/www.labecaneagaston.fr\/wp-content\/uploads\/2019\/09\/IMG_4326-e1567685773697-768x1152.jpg 768w\" sizes=\"(max-width: 683px) 100vw, 683px\" \/><\/figure>\n\n\n\n<figure class=\"wp-block-image size-large\"><img decoding=\"async\" loading=\"lazy\" width=\"1024\" height=\"683\" data-id=\"374\"  src=\"https:\/\/www.labecaneagaston.fr\/wp-content\/uploads\/2019\/09\/IMG_4855-1024x683.jpg\" alt=\"\" class=\"wp-image-374\" srcset=\"https:\/\/www.labecaneagaston.fr\/wp-content\/uploads\/2019\/09\/IMG_4855-1024x683.jpg 1024w, https:\/\/www.labecaneagaston.fr\/wp-content\/uploads\/2019\/09\/IMG_4855-300x200.jpg 300w, https:\/\/www.labecaneagaston.fr\/wp-content\/uploads\/2019\/09\/IMG_4855-768x512.jpg 768w\" sizes=\"(max-width: 1024px) 100vw, 1024px\" \/><\/figure>\n\n\n\n<figure class=\"wp-block-image size-large\"><img decoding=\"async\" loading=\"lazy\" width=\"1024\" height=\"683\" data-id=\"375\"  src=\"https:\/\/www.labecaneagaston.fr\/wp-content\/uploads\/2019\/09\/IMG_4922-1024x683.jpg\" alt=\"\" class=\"wp-image-375\" srcset=\"https:\/\/www.labecaneagaston.fr\/wp-content\/uploads\/2019\/09\/IMG_4922-1024x683.jpg 1024w, https:\/\/www.labecaneagaston.fr\/wp-content\/uploads\/2019\/09\/IMG_4922-300x200.jpg 300w, https:\/\/www.labecaneagaston.fr\/wp-content\/uploads\/2019\/09\/IMG_4922-768x512.jpg 768w\" sizes=\"(max-width: 1024px) 100vw, 1024px\" \/><\/figure>\n\n\n\n<figure class=\"wp-block-image size-large\"><img decoding=\"async\" loading=\"lazy\" width=\"683\" height=\"1024\" data-id=\"372\"  src=\"https:\/\/www.labecaneagaston.fr\/wp-content\/uploads\/2019\/09\/IMG_4701-e1567685717586-683x1024.jpg\" alt=\"\" class=\"wp-image-372\" srcset=\"https:\/\/www.labecaneagaston.fr\/wp-content\/uploads\/2019\/09\/IMG_4701-e1567685717586-683x1024.jpg 683w, https:\/\/www.labecaneagaston.fr\/wp-content\/uploads\/2019\/09\/IMG_4701-e1567685717586-200x300.jpg 200w, https:\/\/www.labecaneagaston.fr\/wp-content\/uploads\/2019\/09\/IMG_4701-e1567685717586-768x1152.jpg 768w\" sizes=\"(max-width: 683px) 100vw, 683px\" \/><\/figure>\n\n\n\n<figure class=\"wp-block-image size-large\"><img decoding=\"async\" loading=\"lazy\" width=\"1024\" height=\"683\" data-id=\"373\"  src=\"https:\/\/www.labecaneagaston.fr\/wp-content\/uploads\/2019\/09\/IMG_4828-1024x683.jpg\" alt=\"\" class=\"wp-image-373\" srcset=\"https:\/\/www.labecaneagaston.fr\/wp-content\/uploads\/2019\/09\/IMG_4828-1024x683.jpg 1024w, https:\/\/www.labecaneagaston.fr\/wp-content\/uploads\/2019\/09\/IMG_4828-300x200.jpg 300w, https:\/\/www.labecaneagaston.fr\/wp-content\/uploads\/2019\/09\/IMG_4828-768x512.jpg 768w\" sizes=\"(max-width: 1024px) 100vw, 1024px\" \/><\/figure>\n\n\n\n<figure class=\"wp-block-image size-large\"><img decoding=\"async\" loading=\"lazy\" width=\"1024\" height=\"683\" data-id=\"371\"  src=\"https:\/\/www.labecaneagaston.fr\/wp-content\/uploads\/2019\/09\/IMG_4430-1024x683.jpg\" alt=\"\" class=\"wp-image-371\" srcset=\"https:\/\/www.labecaneagaston.fr\/wp-content\/uploads\/2019\/09\/IMG_4430-1024x683.jpg 1024w, https:\/\/www.labecaneagaston.fr\/wp-content\/uploads\/2019\/09\/IMG_4430-300x200.jpg 300w, https:\/\/www.labecaneagaston.fr\/wp-content\/uploads\/2019\/09\/IMG_4430-768x512.jpg 768w\" sizes=\"(max-width: 1024px) 100vw, 1024px\" \/><\/figure>\n\n\n\n<figure class=\"wp-block-image size-large\"><img decoding=\"async\" loading=\"lazy\" width=\"1024\" height=\"705\" data-id=\"362\"  src=\"https:\/\/www.labecaneagaston.fr\/wp-content\/uploads\/2019\/09\/28DB2AC0-0EF7-40CD-98FD-4CF76A29F991-1024x705.jpg\" alt=\"\" class=\"wp-image-362\" srcset=\"https:\/\/www.labecaneagaston.fr\/wp-content\/uploads\/2019\/09\/28DB2AC0-0EF7-40CD-98FD-4CF76A29F991-1024x705.jpg 1024w, https:\/\/www.labecaneagaston.fr\/wp-content\/uploads\/2019\/09\/28DB2AC0-0EF7-40CD-98FD-4CF76A29F991-300x207.jpg 300w, https:\/\/www.labecaneagaston.fr\/wp-content\/uploads\/2019\/09\/28DB2AC0-0EF7-40CD-98FD-4CF76A29F991-768x529.jpg 768w\" sizes=\"(max-width: 1024px) 100vw, 1024px\" \/><\/figure>\n\n\n\n<figure class=\"wp-block-image size-large\"><img decoding=\"async\" loading=\"lazy\" width=\"1016\" height=\"1024\" data-id=\"361\"  src=\"https:\/\/www.labecaneagaston.fr\/wp-content\/uploads\/2019\/09\/9CF9FBCE-D5EE-464A-B9F3-B887457C979F-1016x1024.jpg\" alt=\"\" class=\"wp-image-361\" srcset=\"https:\/\/www.labecaneagaston.fr\/wp-content\/uploads\/2019\/09\/9CF9FBCE-D5EE-464A-B9F3-B887457C979F-1016x1024.jpg 1016w, https:\/\/www.labecaneagaston.fr\/wp-content\/uploads\/2019\/09\/9CF9FBCE-D5EE-464A-B9F3-B887457C979F-150x150.jpg 150w, https:\/\/www.labecaneagaston.fr\/wp-content\/uploads\/2019\/09\/9CF9FBCE-D5EE-464A-B9F3-B887457C979F-298x300.jpg 298w, https:\/\/www.labecaneagaston.fr\/wp-content\/uploads\/2019\/09\/9CF9FBCE-D5EE-464A-B9F3-B887457C979F-768x774.jpg 768w\" sizes=\"(max-width: 1016px) 100vw, 1016px\" \/><\/figure>\n\n\n\n<figure class=\"wp-block-image size-large\"><img decoding=\"async\" loading=\"lazy\" width=\"849\" height=\"1024\" data-id=\"360\"  src=\"https:\/\/www.labecaneagaston.fr\/wp-content\/uploads\/2019\/09\/8F04A791-F823-484E-81A2-B2FDCE218E00-849x1024.jpg\" alt=\"\" class=\"wp-image-360\" srcset=\"https:\/\/www.labecaneagaston.fr\/wp-content\/uploads\/2019\/09\/8F04A791-F823-484E-81A2-B2FDCE218E00-849x1024.jpg 849w, https:\/\/www.labecaneagaston.fr\/wp-content\/uploads\/2019\/09\/8F04A791-F823-484E-81A2-B2FDCE218E00-249x300.jpg 249w, https:\/\/www.labecaneagaston.fr\/wp-content\/uploads\/2019\/09\/8F04A791-F823-484E-81A2-B2FDCE218E00-768x926.jpg 768w\" sizes=\"(max-width: 849px) 100vw, 849px\" \/><\/figure>\n<\/figure>\n","protected":false},"excerpt":{"rendered":"<p>UNE CUISINE DE FAMILLE SIMPLEMENT TRADITIONNELLE ET PROFOND\u00c9MENT SINC\u00c8RE. Pour que d\u00e8s la premi\u00e8re seconde vous vous sentiez chez vous\u2026 comme \u00e0 la Maison. Et &hellip;<\/p>\n","protected":false},"author":3,"featured_media":0,"parent":0,"menu_order":0,"comment_status":"closed","ping_status":"closed","template":"","meta":{"spay_email":""},"jetpack_sharing_enabled":true,"jetpack_shortlink":"https:\/\/wp.me\/P9Y0Gb-c0","_links":{"self":[{"href":"https:\/\/www.labecaneagaston.fr\/index.php\/wp-json\/wp\/v2\/pages\/744"}],"collection":[{"href":"https:\/\/www.labecaneagaston.fr\/index.php\/wp-json\/wp\/v2\/pages"}],"about":[{"href":"https:\/\/www.labecaneagaston.fr\/index.php\/wp-json\/wp\/v2\/types\/page"}],"author":[{"embeddable":true,"href":"https:\/\/www.labecaneagaston.fr\/index.php\/wp-json\/wp\/v2\/users\/3"}],"replies":[{"embeddable":true,"href":"https:\/\/www.labecaneagaston.fr\/index.php\/wp-json\/wp\/v2\/comments?post=744"}],"version-history":[{"count":26,"href":"https:\/\/www.labecaneagaston.fr\/index.php\/wp-json\/wp\/v2\/pages\/744\/revisions"}],"predecessor-version":[{"id":837,"href":"https:\/\/www.labecaneagaston.fr\/index.php\/wp-json\/wp\/v2\/pages\/744\/revisions\/837"}],"wp:attachment":[{"href":"https:\/\/www.labecaneagaston.fr\/index.php\/wp-json\/wp\/v2\/media?parent=744"}],"curies":[{"name":"wp","href":"https:\/\/api.w.org\/{rel}","templated":true}]}}