{"id":8,"date":"2018-06-02T11:06:22","date_gmt":"2018-06-02T09:06:22","guid":{"rendered":"http:\/\/labecaneagaston.fr\/?page_id=8"},"modified":"2019-02-19T21:08:55","modified_gmt":"2019-02-19T20:08:55","slug":"producteurs-la-becane","status":"publish","type":"page","link":"https:\/\/www.labecaneagaston.fr\/index.php\/producteurs-la-becane\/","title":{"rendered":"La grande famille de la B\u00e9cane"},"content":{"rendered":"<h2 style=\"text-align: center;\">Des fermes, des \u00e9leveurs, des producteurs et des artisans<\/h2>\n<div>Passionn\u00e9s par leur m\u00e9tier et amoureux de leurs produits, nous sommes livr\u00e9s en direct chaque jour.<\/div>\n<div>Fiers de travailler avec eux, fiers de la qualit\u00e9 de leurs produits, on vous dit tout sur leur provenance :<\/div>\n<ul>\n<li><b>Boeuf :<\/b> Race Aubrac exclusivement (Aveyron)<\/li>\n<li><b>Cochon<\/b> de Montagne \u00e9lev\u00e9 a la Ferme (Haute Loire)<\/li>\n<li><b>Agneau<\/b> d\u2019Aveyron, de Loz\u00e8re ou du Cantal<\/li>\n<li><b>Pintades et poulets<\/b> des fermes d\u2019Alice et Quintard (Aveyron et Cantal)<\/li>\n<li><b>Oeufs<\/b> de plein air (Aveyron)<\/li>\n<li><b>Lait et cr\u00e8me<\/b> de montagne (Cantal et Haute Loire)<\/li>\n<li><b>Fromages<\/b> (Jura, Savoie, Cantal, Aveyron, Italie)<\/li>\n<li><b>Poissons<\/b> (s\u00e9lectionn\u00e9s par nos mareyeurs)<\/li>\n<li><b>Fruits et l\u00e9gumes<\/b> de producteurs (toute la France en fonction des Saisons)<\/li>\n<li><b>Huile d\u2019Olive<\/b> extra Vierge de Coop\u00e9ratives (Espagne)<\/li>\n<li><b>Vin<\/b> : Vignerons ind\u00e9pendants<\/li>\n<\/ul>\n<p>&nbsp;<\/p>\n<figure id=\"attachment_116\" aria-describedby=\"caption-attachment-116\" style=\"width: 300px\" class=\"wp-caption aligncenter\"><img decoding=\"async\" loading=\"lazy\" class=\"size-medium wp-image-116\" src=\"https:\/\/labecaneagaston.fr\/wp-content\/uploads\/2018\/06\/famille-producteurs2-300x300.jpg\" alt=\"la b\u00e9cane \u00e0 gaston se fait livrer ses produits frais en direct des producteurs\" width=\"300\" height=\"300\" srcset=\"https:\/\/www.labecaneagaston.fr\/wp-content\/uploads\/2018\/06\/famille-producteurs2-300x300.jpg 300w, https:\/\/www.labecaneagaston.fr\/wp-content\/uploads\/2018\/06\/famille-producteurs2-150x150.jpg 150w, https:\/\/www.labecaneagaston.fr\/wp-content\/uploads\/2018\/06\/famille-producteurs2-768x769.jpg 768w, https:\/\/www.labecaneagaston.fr\/wp-content\/uploads\/2018\/06\/famille-producteurs2-500x500.jpg 500w, https:\/\/www.labecaneagaston.fr\/wp-content\/uploads\/2018\/06\/famille-producteurs2.jpg 1000w\" sizes=\"(max-width: 300px) 100vw, 300px\" \/><figcaption id=\"caption-attachment-116\" class=\"wp-caption-text\">Des produits frais et de saison livr\u00e9s en direct de nos producteurs chaque jour<\/figcaption><\/figure>\n","protected":false},"excerpt":{"rendered":"<p>Des fermes, des \u00e9leveurs, des producteurs et des artisans Passionn\u00e9s par leur m\u00e9tier et amoureux de leurs produits, nous sommes livr\u00e9s en direct chaque jour. &hellip;<\/p>\n","protected":false},"author":1,"featured_media":113,"parent":0,"menu_order":0,"comment_status":"closed","ping_status":"closed","template":"","meta":{"spay_email":""},"jetpack_sharing_enabled":true,"jetpack_shortlink":"https:\/\/wp.me\/P9Y0Gb-8","_links":{"self":[{"href":"https:\/\/www.labecaneagaston.fr\/index.php\/wp-json\/wp\/v2\/pages\/8"}],"collection":[{"href":"https:\/\/www.labecaneagaston.fr\/index.php\/wp-json\/wp\/v2\/pages"}],"about":[{"href":"https:\/\/www.labecaneagaston.fr\/index.php\/wp-json\/wp\/v2\/types\/page"}],"author":[{"embeddable":true,"href":"https:\/\/www.labecaneagaston.fr\/index.php\/wp-json\/wp\/v2\/users\/1"}],"replies":[{"embeddable":true,"href":"https:\/\/www.labecaneagaston.fr\/index.php\/wp-json\/wp\/v2\/comments?post=8"}],"version-history":[{"count":18,"href":"https:\/\/www.labecaneagaston.fr\/index.php\/wp-json\/wp\/v2\/pages\/8\/revisions"}],"predecessor-version":[{"id":342,"href":"https:\/\/www.labecaneagaston.fr\/index.php\/wp-json\/wp\/v2\/pages\/8\/revisions\/342"}],"wp:featuredmedia":[{"embeddable":true,"href":"https:\/\/www.labecaneagaston.fr\/index.php\/wp-json\/wp\/v2\/media\/113"}],"wp:attachment":[{"href":"https:\/\/www.labecaneagaston.fr\/index.php\/wp-json\/wp\/v2\/media?parent=8"}],"curies":[{"name":"wp","href":"https:\/\/api.w.org\/{rel}","templated":true}]}}